{"id":4014,"date":"2017-04-27T14:42:28","date_gmt":"2017-04-27T12:42:28","guid":{"rendered":"http:\/\/www.safetyarsenal.com\/?post_type=product&#038;p=4014"},"modified":"2017-04-27T14:43:19","modified_gmt":"2017-04-27T12:43:19","slug":"nuvi-57586768","status":"publish","type":"product","link":"https:\/\/www.safetyarsenal.com\/en\/product\/nuvi-57586768\/","title":{"rendered":"n\u00fcvi 57\/58\/67\/68"},"content":{"rendered":"<table>\n<tbody>\n<tr>\n<td>Operating temperature range<\/td>\n<td>from -20\u00b0 to 55\u00b0C (from -4\u00b0 to 131\u00b0F)<\/td>\n<\/tr>\n<tr>\n<td>Charging temperature range<\/td>\n<td>from 0\u00b0 to 45\u00b0C (from 32\u00b0 to 113\u00b0F)<\/td>\n<\/tr>\n<tr>\n<td>Power input (vehicle or external power)<\/td>\n<td>from 8 to 28 Vdc<\/td>\n<\/tr>\n<tr>\n<td>Battery type<\/td>\n<td>Lithium-ion<\/td>\n<\/tr>\n<tr>\n<td>Battery voltage range<\/td>\n<td>from 3.0 V to 4.2 V<\/td>\n<\/tr>\n<\/tbody>\n<\/table>\n","protected":false},"excerpt":{"rendered":"<p>De nouvelles fonctionnalit\u00e9s fort int\u00e9ressantes s\u2019ajoutent \u00e0 la s\u00e9rie essentielle de Garmin. Plusieurs mod\u00e8les sont offerts avec une d\u00e9clinaison de taille d\u2019\u00e9cran et de cartographie diff\u00e9rentes. Certains mod\u00e8les incluent \u00e9galement la mise \u00e0 jour de la cartographie sans frais.<\/p>\n<ul>\n<li>Nuvi 57. Mod\u00e8le avec un \u00e9cran de 5.0 pouces et la cartographie am\u00e9ricaine.<\/li>\n<li>Nuvi 58. Mod\u00e8le avec un \u00e9cran de 5.0 et la cartographie canadienne et am\u00e9ricaine<\/li>\n<li>Nuvi 67. Mod\u00e8le avec un \u00e9cran de 6.0 pouces et la cartographie am\u00e9ricaine<\/li>\n<li>Nuvi 68. Mod\u00e8le avec un \u00e9cran de 6.0 pouces et la cartographie canadienne et am\u00e9ricaine<\/li>\n<\/ul>\n<p>La fonctionnalit\u00e9 \u00ab\u00a0Real directions\u00a0\u00bb que l\u2019on retrouvait seulement dans la version prestige l\u2019an pass\u00e9 se retrouve d\u00e9sormais dans la s\u00e9rie essentielle. Le GPS peut vous guider \u00e0 l\u2019aide de points de rep\u00e8re le long de la route (restaurants entre autres) ou avec des feux de circulation : Aux prochains feux de circulation, tournez \u00e0 droite sur le boulevard Laurier. Il est donc plus facile de suivre les instructions donn\u00e9es par le GPS. Garmin a nomm\u00e9 cette technologie real directions. Notez que la<a href=\"https:\/\/www.searchevolution.com\/gps\/gps-garmin-advanced-series-2014.html\">technologie Real Voice<\/a> n\u2019est pas disponible sur ces mod\u00e8les. La voix est donc un peu plus robotis\u00e9e que les mod\u00e8les haut de gamme\u2026<\/p>\n<p>Une autre technologie emprunt\u00e9e \u00e0 la s\u00e9rie prestige fait son apparition : \u00ab\u00a0Direct Access\u00a0\u00bb. Dans un a\u00e9roport ou un centre commercial, Garmin conna\u00eet les stationnements et les commerces et peut vous guider pour vous stationner le plus pr\u00e8s possible de votre destination finale. Il vous dit \u00e9galement si le commerce se situe au rez-de-chauss\u00e9e.<\/p>\n<p>Une autre nouvelle caract\u00e9ristique int\u00e9ressante, vous pouvez utiliser le GPS \u00e0 l\u2019horizontale ou \u00e0 la verticale et l\u2019affichage s\u2019adaptera selon ce sens. Vous devez tout de m\u00eame sp\u00e9cifier l\u2019alignement du GPS pour que l\u2019affichage se retourne, car il n\u2019y a pas de capteur de positionnement.<\/p>\n<p>Pour que vous puissiez profiter des meilleurs restaurants et h\u00f4tels le long de votre route, Garmin offre d\u00e9sormais la base de donn\u00e9es Foursquare. Lors de recherches de points d\u2019int\u00e9r\u00eats, les r\u00e9sultats foursquare seront les premiers de la liste<\/p>\n","protected":false},"featured_media":4015,"template":"","meta":[],"_links":{"self":[{"href":"https:\/\/www.safetyarsenal.com\/en\/wp-json\/wp\/v2\/product\/4014"}],"collection":[{"href":"https:\/\/www.safetyarsenal.com\/en\/wp-json\/wp\/v2\/product"}],"about":[{"href":"https:\/\/www.safetyarsenal.com\/en\/wp-json\/wp\/v2\/types\/product"}],"wp:featuredmedia":[{"embeddable":true,"href":"https:\/\/www.safetyarsenal.com\/en\/wp-json\/wp\/v2\/media\/4015"}],"wp:attachment":[{"href":"https:\/\/www.safetyarsenal.com\/en\/wp-json\/wp\/v2\/media?parent=4014"}],"curies":[{"name":"wp","href":"https:\/\/api.w.org\/{rel}","templated":true}]}}