{"id":3782,"date":"2017-03-17T08:56:33","date_gmt":"2017-03-17T07:56:33","guid":{"rendered":"http:\/\/ux.digitalux.tn\/safcom\/?post_type=product&#038;p=3782"},"modified":"2018-02-10T10:17:15","modified_gmt":"2018-02-10T09:17:15","slug":"kit-portail-coulissant-500-kg","status":"publish","type":"product","link":"https:\/\/www.safetyarsenal.com\/en\/product\/kit-portail-coulissant-500-kg\/","title":{"rendered":"Op\u00e9rateur pour porte coulissante (500 kg)"},"content":{"rendered":"","protected":false},"excerpt":{"rendered":"<div class=\"tw-swapa\">\n<p class=\"_wYb\">\n<\/div>\n<div class=\"_Ejb\">\n<div id=\"tw-target\">\n<div id=\"tw-target-text-container\" class=\"tw-ta-container tw-nfl\">\n<p id=\"tw-target-text\" class=\"tw-data-text tw-ta tw-text-small\" dir=\"ltr\" data-placeholder=\"Translation\"><span lang=\"fr\">L&#8217;op\u00e9rateur 740 est id\u00e9al pour les portes coulissantes r\u00e9sidentielles d&#8217;un poids maximum de 500 kg.\u00a0 <\/span><\/p>\n<ul>\n<li class=\"tw-data-text tw-ta tw-text-small\" dir=\"ltr\" data-placeholder=\"Translation\"><span lang=\"fr\">Un motor\u00e9ducteur avec \u00e9quipement \u00e9lectronique int\u00e9gr\u00e9 et plaque de fixation automatise les portes coulissantes nouvelles et existantes<\/span><\/li>\n<li class=\"tw-data-text tw-ta tw-text-small\" dir=\"ltr\" data-placeholder=\"Translation\"><span lang=\"fr\"> L&#8217;\u00e9quipement \u00e9lectronique \u00e0 l&#8217;int\u00e9rieur du motor\u00e9ducteur facilite et acc\u00e9l\u00e8re l&#8217;installation \u00e0 moindre co\u00fbt<\/span><\/li>\n<li class=\"tw-data-text tw-ta tw-text-small\" dir=\"ltr\" data-placeholder=\"Translation\"><span lang=\"fr\"> L&#8217;armoire de la carte de commande poss\u00e8de une fonction de &#8220;rotation&#8221; qui facilite le c\u00e2blage \u00e9lectrique\u00a0<\/span><\/li>\n<li class=\"tw-data-text tw-ta tw-text-small\" dir=\"ltr\" data-placeholder=\"Translation\"><span lang=\"fr\"> La protection anti-\u00e9crasement est assur\u00e9e par un tableau de commande contr\u00f4lant directement le couple d&#8217;entra\u00eenement<\/span><\/li>\n<li class=\"tw-data-text tw-ta tw-text-small\" dir=\"ltr\" data-placeholder=\"Translation\"><span lang=\"fr\"> Pour plus de s\u00e9curit\u00e9, un d\u00e9tecteur d&#8217;obstacle efficace est disponible\u00a0<\/span><\/li>\n<li class=\"tw-data-text tw-ta tw-text-small\" dir=\"ltr\" data-placeholder=\"Translation\"><span lang=\"fr\"> Le tableau de commande est simplement programm\u00e9 via 3 boutons-poussoirs, ce qui facilite la mise en place lors de l&#8217;installation<\/span><\/li>\n<li class=\"tw-data-text tw-ta tw-text-small\" dir=\"ltr\" data-placeholder=\"Translation\"><span lang=\"fr\"> Un bo\u00eetier de protection interne recouvre le tableau de commande, pr\u00e9venant les dommages caus\u00e9s par les insectes et l&#8217;humidit\u00e9<\/span><\/li>\n<li class=\"tw-data-text tw-ta tw-text-small\" dir=\"ltr\" data-placeholder=\"Translation\"><span lang=\"fr\">Comme le motor\u00e9ducteur n&#8217;est pas inverseur, aucune serrure \u00e9lectrique ne doit \u00eatre install\u00e9e <\/span><\/li>\n<li class=\"tw-data-text tw-ta tw-text-small\" dir=\"ltr\" data-placeholder=\"Translation\"><span lang=\"fr\">En cas de panne de courant, un dispositif de d\u00e9verrouillage prot\u00e9g\u00e9 par une cl\u00e9 personnalis\u00e9e permet le fonctionnement manuel des portes<\/span><\/li>\n<\/ul>\n<\/div>\n<\/div>\n<\/div>\n","protected":false},"featured_media":3919,"template":"","meta":[],"_links":{"self":[{"href":"https:\/\/www.safetyarsenal.com\/en\/wp-json\/wp\/v2\/product\/3782"}],"collection":[{"href":"https:\/\/www.safetyarsenal.com\/en\/wp-json\/wp\/v2\/product"}],"about":[{"href":"https:\/\/www.safetyarsenal.com\/en\/wp-json\/wp\/v2\/types\/product"}],"wp:featuredmedia":[{"embeddable":true,"href":"https:\/\/www.safetyarsenal.com\/en\/wp-json\/wp\/v2\/media\/3919"}],"wp:attachment":[{"href":"https:\/\/www.safetyarsenal.com\/en\/wp-json\/wp\/v2\/media?parent=3782"}],"curies":[{"name":"wp","href":"https:\/\/api.w.org\/{rel}","templated":true}]}}