{"id":4485,"date":"2019-12-23T10:12:11","date_gmt":"2019-12-23T09:12:11","guid":{"rendered":"https:\/\/www.safetyarsenal.com\/?page_id=4485"},"modified":"2021-02-13T22:29:05","modified_gmt":"2021-02-13T21:29:05","slug":"e-catalogues","status":"publish","type":"page","link":"https:\/\/www.safetyarsenal.com\/en\/e-catalogues\/","title":{"rendered":"E-Catalogues"},"content":{"rendered":"<h2>EQUIPEMENT AUTOMATISMES<\/h2>\n<p><a href=\"https:\/\/www.safetyarsenal.com\/wp-content\/uploads\/2019\/12\/9908306022_GUIDA_PRODOTTI_FR_Rev14_LOWRES.pdf\" data-elementor-open-lightbox=\"\"><br><img loading=\"lazy\" src=\"https:\/\/www.safetyarsenal.com\/wp-content\/uploads\/2019\/12\/0001-1-212x300.jpg\" alt=\"\" width=\"212\" height=\"300\"> <\/a><\/p>\n<h3><a href=\"https:\/\/www.safetyarsenal.com\/wp-content\/uploads\/2019\/12\/9908306022_GUIDA_PRODOTTI_FR_Rev14_LOWRES.pdf\">\u00c9quipement Automatisme<\/a><\/h3>\n<p><a role=\"button\" href=\"https:\/\/www.safetyarsenal.com\/wp-content\/uploads\/2019\/12\/9908306022_GUIDA_PRODOTTI_FR_Rev14_LOWRES.pdf\"><br>t\u00e9l\u00e9charger<br><\/a><br><a href=\"https:\/\/www.safetyarsenal.com\/wp-content\/uploads\/2019\/12\/9900000302_DEP_GAMMA_DISSUASORI_FR_Rev17_LOWRES.pdf\" data-elementor-open-lightbox=\"\"><br><img loading=\"lazy\" src=\"https:\/\/www.safetyarsenal.com\/wp-content\/uploads\/2019\/12\/0001-8-212x300.jpg\" alt=\"\" width=\"212\" height=\"300\"> <\/a><\/p>\n<h3><a href=\"https:\/\/www.safetyarsenal.com\/wp-content\/uploads\/2019\/12\/9900000302_DEP_GAMMA_DISSUASORI_FR_Rev17_LOWRES.pdf\">Bornes<\/a><\/h3>\n<p><a role=\"button\" href=\"https:\/\/www.safetyarsenal.com\/wp-content\/uploads\/2019\/12\/9900000302_DEP_GAMMA_DISSUASORI_FR_Rev17_LOWRES.pdf\"><br>t\u00e9l\u00e9charger<br><\/a><br><a href=\"https:\/\/www.safetyarsenal.com\/wp-content\/uploads\/2019\/12\/Cat-tur.pdf\" data-elementor-open-lightbox=\"\"><br><img loading=\"lazy\" src=\"https:\/\/www.safetyarsenal.com\/wp-content\/uploads\/2019\/12\/stop-bariyer-katalog-2018_turkce-ingilizce_28_subat_pages-to-jpg-0001-211x300.jpg\" alt=\"\" width=\"211\" height=\"300\"> <\/a><\/p>\n<h3><a href=\"https:\/\/www.safetyarsenal.com\/wp-content\/uploads\/2019\/12\/Cat-tur.pdf\">Road blocker<\/a><\/h3>\n<p><a role=\"button\" href=\"https:\/\/www.safetyarsenal.com\/wp-content\/uploads\/2019\/12\/Cat-tur.pdf\"><br>t\u00e9l\u00e9charger<br><\/a><\/p>\n<h2>\u00c9QUIPEMENT DE SIGNALISATION\u200b<\/h2>\n<p><a href=\"https:\/\/www.safetyarsenal.com\/wp-content\/uploads\/2019\/12\/2019-Evelux.pdf\" data-elementor-open-lightbox=\"\"><br><img loading=\"lazy\" src=\"https:\/\/www.safetyarsenal.com\/wp-content\/uploads\/2019\/12\/pageeve-212x300.png\" alt=\"\" width=\"212\" height=\"300\"> <\/a><\/p>\n<h3><a href=\"https:\/\/www.safetyarsenal.com\/wp-content\/uploads\/2019\/12\/2019-Evelux.pdf\">Evelux Africa<\/a><\/h3>\n<p><a role=\"button\" href=\"https:\/\/www.safetyarsenal.com\/wp-content\/uploads\/2019\/12\/2019-Evelux.pdf\"><br>t\u00e9l\u00e9charger<br><\/a><br><a href=\"https:\/\/www.safetyarsenal.com\/wp-content\/uploads\/2019\/12\/Refelectra.pdf\" data-elementor-open-lightbox=\"\"><br><img loading=\"lazy\" src=\"https:\/\/www.safetyarsenal.com\/wp-content\/uploads\/2019\/12\/page-01-220x300.jpg\" alt=\"\" width=\"220\" height=\"300\"> <\/a><\/p>\n<h3><a href=\"https:\/\/www.safetyarsenal.com\/wp-content\/uploads\/2019\/12\/Refelectra.pdf\">Feu de signalisation<\/a><\/h3>\n<p><a role=\"button\" href=\"https:\/\/www.safetyarsenal.com\/wp-content\/uploads\/2019\/12\/Refelectra.pdf\"><br>t\u00e9l\u00e9charger<br><\/a><br><a href=\"https:\/\/www.safetyarsenal.com\/wp-content\/uploads\/2019\/12\/Combin\u00e9.pdf\" data-elementor-open-lightbox=\"\"><br><img loading=\"lazy\" src=\"https:\/\/www.safetyarsenal.com\/wp-content\/uploads\/2019\/12\/page-01-222x300.png\" alt=\"\" width=\"222\" height=\"300\"> <\/a><\/p>\n<h3><a href=\"https:\/\/www.safetyarsenal.com\/wp-content\/uploads\/2019\/12\/Combin\u00e9.pdf\">Panneau de signalisation<\/a><\/h3>\n<p><a role=\"button\" href=\"https:\/\/www.safetyarsenal.com\/wp-content\/uploads\/2019\/12\/Combin\u00e9.pdf\"><br>t\u00e9l\u00e9charger<br><\/a><br><a href=\"https:\/\/www.safetyarsenal.com\/wp-content\/uploads\/2019\/12\/Plots-Dossier-Technique-003.pdf\" data-elementor-open-lightbox=\"\"><br><img loading=\"lazy\" src=\"https:\/\/www.safetyarsenal.com\/wp-content\/uploads\/2019\/12\/0001-3-212x300.jpg\" alt=\"\" width=\"212\" height=\"300\"> <\/a><\/p>\n<h3><a href=\"https:\/\/www.safetyarsenal.com\/wp-content\/uploads\/2019\/12\/Plots-Dossier-Technique-003.pdf\">Plots de route en verre trempe \u200b<\/a><\/h3>\n<p><a role=\"button\" href=\"https:\/\/www.safetyarsenal.com\/wp-content\/uploads\/2019\/12\/Plots-Dossier-Technique-003.pdf\"><br>t\u00e9l\u00e9charger<br><\/a><\/p>\n<h2>EQUIPEMENT DE SECURITE<\/h2>\n<p><a href=\"https:\/\/www.safetyarsenal.com\/wp-content\/uploads\/2019\/12\/Classeur1.pdf\" data-elementor-open-lightbox=\"\"><br><img loading=\"lazy\" src=\"https:\/\/www.safetyarsenal.com\/wp-content\/uploads\/2019\/12\/0001-2-212x300.jpg\" alt=\"\" width=\"212\" height=\"300\"> <\/a><\/p>\n<h3><a href=\"https:\/\/www.safetyarsenal.com\/wp-content\/uploads\/2019\/12\/Classeur1.pdf\">Portique de d\u00e9tection<\/a><\/h3>\n<p><a role=\"button\" href=\"https:\/\/www.safetyarsenal.com\/wp-content\/uploads\/2019\/12\/Classeur1.pdf\"><br>t\u00e9l\u00e9charger<br><\/a><br><a href=\"https:\/\/www.safetyarsenal.com\/wp-content\/uploads\/2019\/12\/ARSENAL-100180-1.pdf\" data-elementor-open-lightbox=\"\"><br><img loading=\"lazy\" src=\"https:\/\/www.safetyarsenal.com\/wp-content\/uploads\/2019\/12\/0001-1-1-212x300.jpg\" alt=\"\" width=\"212\" height=\"300\"> <\/a><\/p>\n<h3><a href=\"https:\/\/www.safetyarsenal.com\/wp-content\/uploads\/2019\/12\/ARSENAL-100180-1.pdf\">D\u00e9tecteur de m\u00e9taux<\/a><\/h3>\n<p><a role=\"button\" href=\"https:\/\/www.safetyarsenal.com\/wp-content\/uploads\/2019\/12\/ARSENAL-100180-1.pdf\"><br>t\u00e9l\u00e9charger<br><\/a><br><a href=\"https:\/\/www.safetyarsenal.com\/wp-content\/uploads\/2019\/12\/CETC-BVEBrochureEn.pdf\" data-elementor-open-lightbox=\"\"><br><img loading=\"lazy\" src=\"https:\/\/www.safetyarsenal.com\/wp-content\/uploads\/2019\/12\/Cect-1-212x300.jpg\" alt=\"\" width=\"212\" height=\"300\"> <\/a><\/p>\n<h3><a href=\"https:\/\/www.safetyarsenal.com\/wp-content\/uploads\/2019\/12\/CETC-BVEBrochureEn.pdf\">Scanner de bagage <\/a><\/h3>\n<p><a role=\"button\" href=\"https:\/\/www.safetyarsenal.com\/wp-content\/uploads\/2019\/12\/CETC-BVEBrochureEn.pdf\"><br>t\u00e9l\u00e9charger<br><\/a><br><a href=\"https:\/\/www.safetyarsenal.com\/wp-content\/uploads\/2019\/12\/TD-V3mirror.pdf\" data-elementor-open-lightbox=\"\"><br><img loading=\"lazy\" src=\"https:\/\/www.safetyarsenal.com\/wp-content\/uploads\/2019\/12\/0001-4-212x300.jpg\" alt=\"\" width=\"212\" height=\"300\"> <\/a><\/p>\n<h3><a href=\"https:\/\/www.safetyarsenal.com\/wp-content\/uploads\/2019\/12\/TD-V3mirror.pdf\">Miroirs de contr\u00f4le sous v\u00e9hicule<\/a><\/h3>\n<p><a role=\"button\" href=\"https:\/\/www.safetyarsenal.com\/wp-content\/uploads\/2019\/12\/TD-V3mirror.pdf\"><br>t\u00e9l\u00e9charger<br><\/a><br><a href=\"https:\/\/www.safetyarsenal.com\/wp-content\/uploads\/2019\/12\/catalog-1.pdf\" data-elementor-open-lightbox=\"\"><br><img loading=\"lazy\" src=\"https:\/\/www.safetyarsenal.com\/wp-content\/uploads\/2019\/12\/car-cat-213x300.jpg\" alt=\"\" width=\"213\" height=\"300\"> <\/a><\/p>\n<h3><a href=\"https:\/\/www.safetyarsenal.com\/wp-content\/uploads\/2019\/12\/catalog-1.pdf\">RAMPES LUMINEUSES<\/a><\/h3>\n<p><a role=\"button\" href=\"https:\/\/www.safetyarsenal.com\/wp-content\/uploads\/2019\/12\/catalog-1.pdf\"><br>t\u00e9l\u00e9charger<br><\/a><br><a href=\"https:\/\/www.safetyarsenal.com\/wp-content\/uploads\/2019\/12\/Company-Presentation.pdf\" data-elementor-open-lightbox=\"\"><br><img loading=\"lazy\" src=\"https:\/\/www.safetyarsenal.com\/wp-content\/uploads\/2019\/12\/hammer-cat-213x300.jpg\" alt=\"\" width=\"213\" height=\"300\"> <\/a><\/p>\n<h3><a href=\"https:\/\/www.safetyarsenal.com\/wp-content\/uploads\/2019\/12\/Company-Presentation.pdf\">Treuil hydraulique<\/a><\/h3>\n<p><a role=\"button\" href=\"https:\/\/www.safetyarsenal.com\/wp-content\/uploads\/2019\/12\/Company-Presentation.pdf\"><br>t\u00e9l\u00e9charger<br><\/a><br><a href=\"https:\/\/www.safetyarsenal.com\/wp-content\/uploads\/2019\/12\/RetractableBeltBarrier-.pdf\" data-elementor-open-lightbox=\"\"><br><img loading=\"lazy\" src=\"https:\/\/www.safetyarsenal.com\/wp-content\/uploads\/2019\/12\/cat22-213x300.jpg\" alt=\"\" width=\"213\" height=\"300\"> <\/a><\/p>\n<h3><a href=\"https:\/\/www.safetyarsenal.com\/wp-content\/uploads\/2019\/12\/RetractableBeltBarrier-.pdf\">Poteaux de guidage<\/a><\/h3>\n<p><a role=\"button\" href=\"https:\/\/www.safetyarsenal.com\/wp-content\/uploads\/2019\/12\/RetractableBeltBarrier-.pdf\"><br>t\u00e9l\u00e9charger<br><\/a><br><a href=\"https:\/\/www.safetyarsenal.com\/wp-content\/uploads\/2019\/12\/Brochure-Evolis-Solution-2019-F-002-2.pdf\" data-elementor-open-lightbox=\"\"><br><img loading=\"lazy\" src=\"https:\/\/www.safetyarsenal.com\/wp-content\/uploads\/2019\/12\/0001-11-212x300.jpg\" alt=\"\" width=\"212\" height=\"300\"> <\/a><\/p>\n<h3><a href=\"https:\/\/www.safetyarsenal.com\/wp-content\/uploads\/2019\/12\/Brochure-Evolis-Solution-2019-F-002-2.pdf\">Radar pedagogique<\/a><\/h3>\n<p><a role=\"button\" href=\"https:\/\/www.safetyarsenal.com\/wp-content\/uploads\/2019\/12\/Brochure-Evolis-Solution-2019-F-002-2.pdf\">t\u00e9l\u00e9charger<br><\/a><\/p>\n<p><\/p>\n\n\n<div class=\"wp-block-image\"><figure class=\"alignleft size-large is-resized\"><a href=\"https:\/\/www.safetyarsenal.com\/wp-content\/uploads\/2021\/02\/Sabot-4.pdf\"><img loading=\"lazy\" src=\"https:\/\/www.safetyarsenal.com\/wp-content\/uploads\/2021\/02\/sabot.png\" alt=\"\" class=\"wp-image-4726\" width=\"226\" height=\"216\"\/><\/a><\/figure><\/div>\n\n\n\n<h3><a href=\"https:\/\/www.safetyarsenal.com\/wp-content\/uploads\/2021\/02\/Sabot-4.pdf\">Sabot bloque roue<\/a><\/h3>\n\n\n\n<p><a href=\"https:\/\/www.safetyarsenal.com\/wp-content\/uploads\/2021\/02\/Sabot-4.pdf\">t\u00e9l\u00e9charger<\/a><\/p>\n","protected":false},"excerpt":{"rendered":"<p>EQUIPEMENT AUTOMATISMES \u00c9quipement Automatisme t\u00e9l\u00e9charger Bornes t\u00e9l\u00e9charger Road blocker t\u00e9l\u00e9charger \u00c9QUIPEMENT DE SIGNALISATION\u200b Evelux Africa t\u00e9l\u00e9charger Feu de signalisation t\u00e9l\u00e9charger Panneau de signalisation t\u00e9l\u00e9charger Plots de route en verre trempe \u200b t\u00e9l\u00e9charger EQUIPEMENT DE SECURITE Portique de d\u00e9tection t\u00e9l\u00e9charger D\u00e9tecteur de m\u00e9taux t\u00e9l\u00e9charger Scanner de bagage t\u00e9l\u00e9charger Miroirs de contr\u00f4le sous v\u00e9hicule t\u00e9l\u00e9charger RAMPES LUMINEUSES [&hellip;]<\/p>\n","protected":false},"author":4,"featured_media":0,"parent":0,"menu_order":0,"comment_status":"closed","ping_status":"closed","template":"","meta":[],"_links":{"self":[{"href":"https:\/\/www.safetyarsenal.com\/en\/wp-json\/wp\/v2\/pages\/4485"}],"collection":[{"href":"https:\/\/www.safetyarsenal.com\/en\/wp-json\/wp\/v2\/pages"}],"about":[{"href":"https:\/\/www.safetyarsenal.com\/en\/wp-json\/wp\/v2\/types\/page"}],"author":[{"embeddable":true,"href":"https:\/\/www.safetyarsenal.com\/en\/wp-json\/wp\/v2\/users\/4"}],"replies":[{"embeddable":true,"href":"https:\/\/www.safetyarsenal.com\/en\/wp-json\/wp\/v2\/comments?post=4485"}],"version-history":[{"count":129,"href":"https:\/\/www.safetyarsenal.com\/en\/wp-json\/wp\/v2\/pages\/4485\/revisions"}],"predecessor-version":[{"id":4734,"href":"https:\/\/www.safetyarsenal.com\/en\/wp-json\/wp\/v2\/pages\/4485\/revisions\/4734"}],"wp:attachment":[{"href":"https:\/\/www.safetyarsenal.com\/en\/wp-json\/wp\/v2\/media?parent=4485"}],"curies":[{"name":"wp","href":"https:\/\/api.w.org\/{rel}","templated":true}]}}