{"id":4140,"date":"2017-08-09T14:02:26","date_gmt":"2017-08-09T12:02:26","guid":{"rendered":"http:\/\/www.safetyarsenal.com\/?page_id=4140"},"modified":"2018-03-01T15:57:51","modified_gmt":"2018-03-01T14:57:51","slug":"news","status":"publish","type":"page","link":"https:\/\/www.safetyarsenal.com\/en\/news\/","title":{"rendered":"NEWS"},"content":{"rendered":"<div class='flex_column_table av-equal-height-column-flextable' ><div class=\"flex_column av_one_full  flex_column_table_cell av-equal-height-column av-align-top av-zero-column-padding first  \" style='border-radius:0px; '><div  data-autoplay=''  data-interval='5'  data-animation='fade'  data-show_slide_delay='90'  class='avia-content-slider avia-content-grid-active avia-content-slider1 avia-content-slider-odd '  itemscope=\"itemscope\" itemtype=\"https:\/\/schema.org\/Blog\" ><div class='avia-content-slider-inner'><div class='slide-entry-wrap'><article class='slide-entry flex_column  post-entry post-entry-4429 slide-entry-overview slide-loop-1 slide-parity-odd  av_one_third first real-thumbnail'  itemscope=\"itemscope\" itemtype=\"https:\/\/schema.org\/BlogPosting\" itemprop=\"blogPost\" ><a href='https:\/\/www.safetyarsenal.com\/en\/security-expo-north-africa-2018\/' data-rel='slide-1' class='slide-image' title=''><img width=\"495\" height=\"400\" src=\"https:\/\/www.safetyarsenal.com\/wp-content\/uploads\/2018\/03\/arsenal_metal_spot-495x400.jpg\" class=\"attachment-portfolio size-portfolio wp-post-image\" alt=\"\" loading=\"lazy\" \/><\/a><div class='slide-content'><header class=\"entry-content-header\"><span class=\"blog-categories minor-meta\"><a href=\"https:\/\/www.safetyarsenal.com\/en\/category\/news\/\" rel=\"tag\">News<\/a> <\/span><h3 class='slide-entry-title entry-title'  itemprop=\"headline\" ><a href='https:\/\/www.safetyarsenal.com\/en\/security-expo-north-africa-2018\/' title='Security Expo North Africa 2018'>Security Expo North Africa 2018<\/a><\/h3><span class=\"av-vertical-delimiter\"><\/span><\/header><\/div><footer class=\"entry-footer\"><\/footer><span class='hidden'>\r\n\t\t\t<span class='av-structured-data'  itemscope=\"itemscope\" itemtype=\"https:\/\/schema.org\/ImageObject\"  itemprop='image'>\r\n\t\t\t\t\t   <span itemprop='url' >https:\/\/www.safetyarsenal.com\/wp-content\/uploads\/2018\/03\/arsenal_metal_spot.jpg<\/span>\r\n\t\t\t\t\t   <span itemprop='height' >1000<\/span>\r\n\t\t\t\t\t   <span itemprop='width' >707<\/span>\r\n\t\t\t\t  <\/span><span class='av-structured-data'  itemprop=\"publisher\" itemtype=\"https:\/\/schema.org\/Organization\" itemscope=\"itemscope\" >\r\n\t\t\t\t<span itemprop='name'>Editor<\/span>\r\n\t\t\t\t<span itemprop='logo' itemscope itemtype='http:\/\/schema.org\/ImageObject'>\r\n\t\t\t\t   <span itemprop='url'>https:\/\/www.safetyarsenal.com\/wp-content\/uploads\/2023\/09\/logo-300x60.png<\/span>\r\n\t\t\t\t <\/span>\r\n\t\t\t  <\/span><span class='av-structured-data'  itemprop=\"author\" itemscope=\"itemscope\" itemtype=\"https:\/\/schema.org\/Person\" ><span itemprop='name'>Editor<\/span><\/span><span class='av-structured-data'  itemprop=\"datePublished\" datetime=\"2017-08-09T14:09:56+00:00\" >2018-03-01 15:52:11<\/span><span class='av-structured-data'  itemprop=\"dateModified\" itemtype=\"https:\/\/schema.org\/dateModified\" >2018-03-01 15:57:22<\/span><span class='av-structured-data'  itemprop=\"mainEntityOfPage\" itemtype=\"https:\/\/schema.org\/mainEntityOfPage\" ><span itemprop='name'>Security Expo North Africa 2018<\/span><\/span><\/span><\/article><article class='slide-entry flex_column  post-entry post-entry-4202 slide-entry-overview slide-loop-2 slide-parity-even  av_one_third  real-thumbnail'  itemscope=\"itemscope\" itemtype=\"https:\/\/schema.org\/BlogPosting\" itemprop=\"blogPost\" ><a href='https:\/\/www.safetyarsenal.com\/en\/salon-des-installateurs-de-materiel-de-securite-et-vigiles\/' data-rel='slide-1' class='slide-image' title=''><img width=\"495\" height=\"400\" src=\"https:\/\/www.safetyarsenal.com\/wp-content\/uploads\/2017\/10\/IMG_5260-495x400.jpg\" class=\"attachment-portfolio size-portfolio wp-post-image\" alt=\"\" loading=\"lazy\" \/><\/a><div class='slide-content'><header class=\"entry-content-header\"><span class=\"blog-categories minor-meta\"><a href=\"https:\/\/www.safetyarsenal.com\/en\/category\/news\/\" rel=\"tag\">News<\/a> <\/span><h3 class='slide-entry-title entry-title'  itemprop=\"headline\" ><a href='https:\/\/www.safetyarsenal.com\/en\/salon-des-installateurs-de-materiel-de-securite-et-vigiles\/' title='Salon des installateurs de mat\u00e9riel de s\u00e9curit\u00e9 et vigiles'>Salon des installateurs de mat\u00e9riel de s\u00e9curit\u00e9 et vigiles<\/a><\/h3><span class=\"av-vertical-delimiter\"><\/span><\/header><\/div><footer class=\"entry-footer\"><\/footer><span class='hidden'>\r\n\t\t\t<span class='av-structured-data'  itemscope=\"itemscope\" itemtype=\"https:\/\/schema.org\/ImageObject\"  itemprop='image'>\r\n\t\t\t\t\t   <span itemprop='url' >https:\/\/www.safetyarsenal.com\/wp-content\/uploads\/2017\/10\/IMG_5260.jpg<\/span>\r\n\t\t\t\t\t   <span itemprop='height' >2848<\/span>\r\n\t\t\t\t\t   <span itemprop='width' >4272<\/span>\r\n\t\t\t\t  <\/span><span class='av-structured-data'  itemprop=\"publisher\" itemtype=\"https:\/\/schema.org\/Organization\" itemscope=\"itemscope\" >\r\n\t\t\t\t<span itemprop='name'>Editor<\/span>\r\n\t\t\t\t<span itemprop='logo' itemscope itemtype='http:\/\/schema.org\/ImageObject'>\r\n\t\t\t\t   <span itemprop='url'>https:\/\/www.safetyarsenal.com\/wp-content\/uploads\/2023\/09\/logo-300x60.png<\/span>\r\n\t\t\t\t <\/span>\r\n\t\t\t  <\/span><span class='av-structured-data'  itemprop=\"author\" itemscope=\"itemscope\" itemtype=\"https:\/\/schema.org\/Person\" ><span itemprop='name'>Editor<\/span><\/span><span class='av-structured-data'  itemprop=\"datePublished\" datetime=\"2017-08-09T14:09:56+00:00\" >2017-10-28 17:02:49<\/span><span class='av-structured-data'  itemprop=\"dateModified\" itemtype=\"https:\/\/schema.org\/dateModified\" >2018-03-01 15:41:04<\/span><span class='av-structured-data'  itemprop=\"mainEntityOfPage\" itemtype=\"https:\/\/schema.org\/mainEntityOfPage\" ><span itemprop='name'>Salon des installateurs de mat\u00e9riel de s\u00e9curit\u00e9 et vigiles<\/span><\/span><\/span><\/article><article class='slide-entry flex_column  post-entry post-entry-4196 slide-entry-overview slide-loop-3 slide-parity-odd  av_one_third  real-thumbnail'  itemscope=\"itemscope\" itemtype=\"https:\/\/schema.org\/BlogPosting\" itemprop=\"blogPost\" ><a href='https:\/\/www.safetyarsenal.com\/en\/bienvenue-au-showroom\/' data-rel='slide-1' class='slide-image' title=''><img width=\"495\" height=\"400\" src=\"https:\/\/www.safetyarsenal.com\/wp-content\/uploads\/2017\/10\/Signalisation-Trafic-495x400.jpg\" class=\"attachment-portfolio size-portfolio wp-post-image\" alt=\"\" loading=\"lazy\" \/><\/a><div class='slide-content'><header class=\"entry-content-header\"><span class=\"blog-categories minor-meta\"><a href=\"https:\/\/www.safetyarsenal.com\/en\/category\/news\/\" rel=\"tag\">News<\/a> <\/span><h3 class='slide-entry-title entry-title'  itemprop=\"headline\" ><a href='https:\/\/www.safetyarsenal.com\/en\/bienvenue-au-showroom\/' title='Bienvenue au showroom'>Bienvenue au showroom<\/a><\/h3><span class=\"av-vertical-delimiter\"><\/span><\/header><\/div><footer class=\"entry-footer\"><\/footer><span class='hidden'>\r\n\t\t\t<span class='av-structured-data'  itemscope=\"itemscope\" itemtype=\"https:\/\/schema.org\/ImageObject\"  itemprop='image'>\r\n\t\t\t\t\t   <span itemprop='url' >https:\/\/www.safetyarsenal.com\/wp-content\/uploads\/2017\/10\/Signalisation-Trafic.jpg<\/span>\r\n\t\t\t\t\t   <span itemprop='height' >2988<\/span>\r\n\t\t\t\t\t   <span itemprop='width' >5312<\/span>\r\n\t\t\t\t  <\/span><span class='av-structured-data'  itemprop=\"publisher\" itemtype=\"https:\/\/schema.org\/Organization\" itemscope=\"itemscope\" >\r\n\t\t\t\t<span itemprop='name'>Editor<\/span>\r\n\t\t\t\t<span itemprop='logo' itemscope itemtype='http:\/\/schema.org\/ImageObject'>\r\n\t\t\t\t   <span itemprop='url'>https:\/\/www.safetyarsenal.com\/wp-content\/uploads\/2023\/09\/logo-300x60.png<\/span>\r\n\t\t\t\t <\/span>\r\n\t\t\t  <\/span><span class='av-structured-data'  itemprop=\"author\" itemscope=\"itemscope\" itemtype=\"https:\/\/schema.org\/Person\" ><span itemprop='name'>Editor<\/span><\/span><span class='av-structured-data'  itemprop=\"datePublished\" datetime=\"2017-08-09T14:09:56+00:00\" >2017-10-28 16:38:09<\/span><span class='av-structured-data'  itemprop=\"dateModified\" itemtype=\"https:\/\/schema.org\/dateModified\" >2017-10-28 16:47:42<\/span><span class='av-structured-data'  itemprop=\"mainEntityOfPage\" itemtype=\"https:\/\/schema.org\/mainEntityOfPage\" ><span itemprop='name'>Bienvenue au showroom<\/span><\/span><\/span><\/article><\/div><div class='slide-entry-wrap'><article class='slide-entry flex_column  post-entry post-entry-4145 slide-entry-overview slide-loop-4 slide-parity-odd  av_one_third first real-thumbnail'  itemscope=\"itemscope\" itemtype=\"https:\/\/schema.org\/BlogPosting\" itemprop=\"blogPost\" ><a href='https:\/\/www.safetyarsenal.com\/en\/securisation_parking_tunisia_mall\/' data-rel='slide-1' class='slide-image' title=''><img width=\"495\" height=\"397\" src=\"https:\/\/www.safetyarsenal.com\/wp-content\/uploads\/2017\/08\/D\u00e9lineateur-Parking-495x397.jpg\" class=\"attachment-portfolio size-portfolio wp-post-image\" alt=\"\" loading=\"lazy\" \/><\/a><div class='slide-content'><header class=\"entry-content-header\"><span class=\"blog-categories minor-meta\"><a href=\"https:\/\/www.safetyarsenal.com\/en\/category\/news\/\" rel=\"tag\">News<\/a> <\/span><h3 class='slide-entry-title entry-title'  itemprop=\"headline\" ><a href='https:\/\/www.safetyarsenal.com\/en\/securisation_parking_tunisia_mall\/' title='S\u00e9curisation du parking Tunisia Mall'>S\u00e9curisation du parking Tunisia Mall<\/a><\/h3><span class=\"av-vertical-delimiter\"><\/span><\/header><\/div><footer class=\"entry-footer\"><\/footer><span class='hidden'>\r\n\t\t\t<span class='av-structured-data'  itemscope=\"itemscope\" itemtype=\"https:\/\/schema.org\/ImageObject\"  itemprop='image'>\r\n\t\t\t\t\t   <span itemprop='url' >https:\/\/www.safetyarsenal.com\/wp-content\/uploads\/2017\/08\/D\u00e9lineateur-Parking.jpg<\/span>\r\n\t\t\t\t\t   <span itemprop='height' >397<\/span>\r\n\t\t\t\t\t   <span itemprop='width' >658<\/span>\r\n\t\t\t\t  <\/span><span class='av-structured-data'  itemprop=\"publisher\" itemtype=\"https:\/\/schema.org\/Organization\" itemscope=\"itemscope\" >\r\n\t\t\t\t<span itemprop='name'>Editor<\/span>\r\n\t\t\t\t<span itemprop='logo' itemscope itemtype='http:\/\/schema.org\/ImageObject'>\r\n\t\t\t\t   <span itemprop='url'>https:\/\/www.safetyarsenal.com\/wp-content\/uploads\/2023\/09\/logo-300x60.png<\/span>\r\n\t\t\t\t <\/span>\r\n\t\t\t  <\/span><span class='av-structured-data'  itemprop=\"author\" itemscope=\"itemscope\" itemtype=\"https:\/\/schema.org\/Person\" ><span itemprop='name'>Editor<\/span><\/span><span class='av-structured-data'  itemprop=\"datePublished\" datetime=\"2017-08-09T14:09:56+00:00\" >2017-08-09 17:23:50<\/span><span class='av-structured-data'  itemprop=\"dateModified\" itemtype=\"https:\/\/schema.org\/dateModified\" >2017-10-28 16:48:00<\/span><span class='av-structured-data'  itemprop=\"mainEntityOfPage\" itemtype=\"https:\/\/schema.org\/mainEntityOfPage\" ><span itemprop='name'>S\u00e9curisation du parking Tunisia Mall<\/span><\/span><\/span><\/article><article class='slide-entry flex_column  post-entry post-entry-4143 slide-entry-overview slide-loop-5 slide-parity-even  post-entry-last  av_one_third  real-thumbnail'  itemscope=\"itemscope\" itemtype=\"https:\/\/schema.org\/BlogPosting\" itemprop=\"blogPost\" ><a href='https:\/\/www.safetyarsenal.com\/en\/signalisation-de-trafic\/' data-rel='slide-1' class='slide-image' title=''><img width=\"495\" height=\"400\" src=\"https:\/\/www.safetyarsenal.com\/wp-content\/uploads\/2017\/08\/total-grombalia-495x400.jpeg\" class=\"attachment-portfolio size-portfolio wp-post-image\" alt=\"\" loading=\"lazy\" \/><\/a><div class='slide-content'><header class=\"entry-content-header\"><span class=\"blog-categories minor-meta\"><a href=\"https:\/\/www.safetyarsenal.com\/en\/category\/news\/\" rel=\"tag\">News<\/a> <\/span><h3 class='slide-entry-title entry-title'  itemprop=\"headline\" ><a href='https:\/\/www.safetyarsenal.com\/en\/signalisation-de-trafic\/' title='Signalisation du trafic chez Total'>Signalisation du trafic chez Total<\/a><\/h3><span class=\"av-vertical-delimiter\"><\/span><\/header><\/div><footer class=\"entry-footer\"><\/footer><span class='hidden'>\r\n\t\t\t<span class='av-structured-data'  itemscope=\"itemscope\" itemtype=\"https:\/\/schema.org\/ImageObject\"  itemprop='image'>\r\n\t\t\t\t\t   <span itemprop='url' >https:\/\/www.safetyarsenal.com\/wp-content\/uploads\/2017\/08\/total-grombalia.jpeg<\/span>\r\n\t\t\t\t\t   <span itemprop='height' >960<\/span>\r\n\t\t\t\t\t   <span itemprop='width' >1280<\/span>\r\n\t\t\t\t  <\/span><span class='av-structured-data'  itemprop=\"publisher\" itemtype=\"https:\/\/schema.org\/Organization\" itemscope=\"itemscope\" >\r\n\t\t\t\t<span itemprop='name'>Editor<\/span>\r\n\t\t\t\t<span itemprop='logo' itemscope itemtype='http:\/\/schema.org\/ImageObject'>\r\n\t\t\t\t   <span itemprop='url'>https:\/\/www.safetyarsenal.com\/wp-content\/uploads\/2023\/09\/logo-300x60.png<\/span>\r\n\t\t\t\t <\/span>\r\n\t\t\t  <\/span><span class='av-structured-data'  itemprop=\"author\" itemscope=\"itemscope\" itemtype=\"https:\/\/schema.org\/Person\" ><span itemprop='name'>Editor<\/span><\/span><span class='av-structured-data'  itemprop=\"datePublished\" datetime=\"2017-08-09T14:09:56+00:00\" >2017-08-09 14:09:56<\/span><span class='av-structured-data'  itemprop=\"dateModified\" itemtype=\"https:\/\/schema.org\/dateModified\" >2017-10-26 13:42:48<\/span><span class='av-structured-data'  itemprop=\"mainEntityOfPage\" itemtype=\"https:\/\/schema.org\/mainEntityOfPage\" ><span itemprop='name'>Signalisation du trafic chez Total<\/span><\/span><\/span><\/article><\/div><\/div><\/div><\/div><\/div><!--close column table wrapper. Autoclose:  -->\n","protected":false},"excerpt":{"rendered":"","protected":false},"author":4,"featured_media":0,"parent":0,"menu_order":0,"comment_status":"closed","ping_status":"closed","template":"","meta":[],"_links":{"self":[{"href":"https:\/\/www.safetyarsenal.com\/en\/wp-json\/wp\/v2\/pages\/4140"}],"collection":[{"href":"https:\/\/www.safetyarsenal.com\/en\/wp-json\/wp\/v2\/pages"}],"about":[{"href":"https:\/\/www.safetyarsenal.com\/en\/wp-json\/wp\/v2\/types\/page"}],"author":[{"embeddable":true,"href":"https:\/\/www.safetyarsenal.com\/en\/wp-json\/wp\/v2\/users\/4"}],"replies":[{"embeddable":true,"href":"https:\/\/www.safetyarsenal.com\/en\/wp-json\/wp\/v2\/comments?post=4140"}],"version-history":[{"count":7,"href":"https:\/\/www.safetyarsenal.com\/en\/wp-json\/wp\/v2\/pages\/4140\/revisions"}],"predecessor-version":[{"id":4209,"href":"https:\/\/www.safetyarsenal.com\/en\/wp-json\/wp\/v2\/pages\/4140\/revisions\/4209"}],"wp:attachment":[{"href":"https:\/\/www.safetyarsenal.com\/en\/wp-json\/wp\/v2\/media?parent=4140"}],"curies":[{"name":"wp","href":"https:\/\/api.w.org\/{rel}","templated":true}]}}