{"id":4056,"date":"2017-06-12T02:06:32","date_gmt":"2017-06-12T00:06:32","guid":{"rendered":"http:\/\/www.safetyarsenal.com\/?page_id=4056"},"modified":"2018-01-31T13:29:27","modified_gmt":"2018-01-31T12:29:27","slug":"arsenal-metal","status":"publish","type":"page","link":"https:\/\/www.safetyarsenal.com\/en\/arsenal-metal\/","title":{"rendered":"ARSENAL METAL"},"content":{"rendered":"<p>ARSENAL METAL d\u00e9veloppe et produit des articles m\u00e9talliques sur mesure pour usage dans diff\u00e9rents secteurs d&#8217;activit\u00e9s. La marque POLINOX d&#8217;ARSENAL METAL regroupe les articles produits en INOX.<\/p>","protected":false},"excerpt":{"rendered":"<p>ARSENAL METAL d\u00e9veloppe et produit des articles m\u00e9talliques sur mesure pour usage dans diff\u00e9rents secteurs d&#8217;activit\u00e9s. La marque POLINOX d&#8217;ARSENAL METAL regroupe les articles produits en INOX.<\/p>\n","protected":false},"author":4,"featured_media":3929,"parent":0,"menu_order":0,"comment_status":"closed","ping_status":"closed","template":"","meta":[],"_links":{"self":[{"href":"https:\/\/www.safetyarsenal.com\/en\/wp-json\/wp\/v2\/pages\/4056"}],"collection":[{"href":"https:\/\/www.safetyarsenal.com\/en\/wp-json\/wp\/v2\/pages"}],"about":[{"href":"https:\/\/www.safetyarsenal.com\/en\/wp-json\/wp\/v2\/types\/page"}],"author":[{"embeddable":true,"href":"https:\/\/www.safetyarsenal.com\/en\/wp-json\/wp\/v2\/users\/4"}],"replies":[{"embeddable":true,"href":"https:\/\/www.safetyarsenal.com\/en\/wp-json\/wp\/v2\/comments?post=4056"}],"version-history":[{"count":2,"href":"https:\/\/www.safetyarsenal.com\/en\/wp-json\/wp\/v2\/pages\/4056\/revisions"}],"predecessor-version":[{"id":4289,"href":"https:\/\/www.safetyarsenal.com\/en\/wp-json\/wp\/v2\/pages\/4056\/revisions\/4289"}],"wp:featuredmedia":[{"embeddable":true,"href":"https:\/\/www.safetyarsenal.com\/en\/wp-json\/wp\/v2\/media\/3929"}],"wp:attachment":[{"href":"https:\/\/www.safetyarsenal.com\/en\/wp-json\/wp\/v2\/media?parent=4056"}],"curies":[{"name":"wp","href":"https:\/\/api.w.org\/{rel}","templated":true}]}}