{"id":3844,"date":"2017-03-19T23:17:13","date_gmt":"2017-03-19T22:17:13","guid":{"rendered":"http:\/\/www.safetyarsenal.com\/?page_id=3844"},"modified":"2017-04-25T10:11:07","modified_gmt":"2017-04-25T08:11:07","slug":"faac","status":"publish","type":"page","link":"https:\/\/www.safetyarsenal.com\/en\/brands\/faac\/","title":{"rendered":"FAAC"},"content":{"rendered":"<div  data-size='featured'  data-lightbox_size='large'  data-animation='slide'  data-ids='3864'  data-video_counter='0'  data-autoplay='false'  data-bg_slider='false'  data-slide_height=''  data-handle='av_slideshow'  data-interval='5'  data-class=''  data-css_id=''  data-scroll_down=''  data-control_layout=''  data-custom_markup=''  data-perma_caption=''  data-autoplay_stopper=''  data-default-height='28.666666666667'  class='avia-slideshow avia-slideshow-1  av-default-height-applied avia-slideshow-featured av_slideshow  avia-slide-slider '  itemscope=\"itemscope\" itemtype=\"https:\/\/schema.org\/ImageObject\" ><ul class='avia-slideshow-inner' style='padding-bottom: 32.432432432432%;'><li  class=' av-single-slide slide-1 ' ><div data-rel='slideshow-1' class='avia-slide-wrap'  ><img src='https:\/\/www.safetyarsenal.com\/wp-content\/uploads\/2017\/03\/slide_barrier_faac.png' width='925' height='300' title='slide_barrier_faac' alt=''  itemprop=\"contentURL\"  \/><\/div><\/li><\/ul><\/div>\n<section class=\"av_textblock_section\"  itemscope=\"itemscope\" itemtype=\"https:\/\/schema.org\/CreativeWork\" ><div class='avia_textblock '   itemprop=\"text\" ><p>FAAC, pionnier dans le monde de l&#8217;automatisation, lance de nouvelles solutions et syst\u00e8mes en<br \/>\nmesure de r\u00e9pondre de mani\u00e8re encore plus efficace aux th\u00e8mes qui sont importants pour vous :<\/p>\n<ul>\n<li>\u00a0la s\u00e9curit\u00e9 des installations automatiques conform\u00e9ment aux exigences des directives<br \/>\neurop\u00e9ennes et aux normes en vigueur.<\/li>\n<li>\u00a0la r\u00e9duction de la consommation \u00e9nerg\u00e9tique, pour un moindre impact sur l&#8217;environnement et<br \/>\ndes \u00e9conomies de co\u00fbt pour l&#8217;utilisateur final.<\/li>\n<\/ul>\n<div class='avia-button-wrap avia-button-center '><a href='http:\/\/fr.calameo.com\/read\/000681578c85914099223' class='avia-button  avia-icon_select-no avia-color-grey avia-size-small avia-position-center '  target=\"_blank\"   ><span class='avia_iconbox_title' >Read more<\/span><\/a><\/div>\n<\/div><\/section>\n","protected":false},"excerpt":{"rendered":"","protected":false},"author":4,"featured_media":3864,"parent":3817,"menu_order":0,"comment_status":"closed","ping_status":"closed","template":"","meta":[],"_links":{"self":[{"href":"https:\/\/www.safetyarsenal.com\/en\/wp-json\/wp\/v2\/pages\/3844"}],"collection":[{"href":"https:\/\/www.safetyarsenal.com\/en\/wp-json\/wp\/v2\/pages"}],"about":[{"href":"https:\/\/www.safetyarsenal.com\/en\/wp-json\/wp\/v2\/types\/page"}],"author":[{"embeddable":true,"href":"https:\/\/www.safetyarsenal.com\/en\/wp-json\/wp\/v2\/users\/4"}],"replies":[{"embeddable":true,"href":"https:\/\/www.safetyarsenal.com\/en\/wp-json\/wp\/v2\/comments?post=3844"}],"version-history":[{"count":11,"href":"https:\/\/www.safetyarsenal.com\/en\/wp-json\/wp\/v2\/pages\/3844\/revisions"}],"predecessor-version":[{"id":3981,"href":"https:\/\/www.safetyarsenal.com\/en\/wp-json\/wp\/v2\/pages\/3844\/revisions\/3981"}],"up":[{"embeddable":true,"href":"https:\/\/www.safetyarsenal.com\/en\/wp-json\/wp\/v2\/pages\/3817"}],"wp:featuredmedia":[{"embeddable":true,"href":"https:\/\/www.safetyarsenal.com\/en\/wp-json\/wp\/v2\/media\/3864"}],"wp:attachment":[{"href":"https:\/\/www.safetyarsenal.com\/en\/wp-json\/wp\/v2\/media?parent=3844"}],"curies":[{"name":"wp","href":"https:\/\/api.w.org\/{rel}","templated":true}]}}